{"id":6800,"date":"2023-06-20T10:45:38","date_gmt":"2023-06-20T08:45:38","guid":{"rendered":"https:\/\/camping-lapointederoscoff.fr\/kontakt-zugang\/"},"modified":"2023-11-16T14:04:27","modified_gmt":"2023-11-16T13:04:27","slug":"kontakt-zugang","status":"publish","type":"page","link":"https:\/\/camping-lapointederoscoff.fr\/de\/kontakt-zugang\/","title":{"rendered":"Info &amp; Kontakt"},"content":{"rendered":"\n<div class=\"wp-block-group is-layout-constrained wp-container-core-group-is-layout-bbbb44a5 wp-block-group-is-layout-constrained\" style=\"padding-top:var(--wp--preset--spacing--60);padding-right:var(--wp--preset--spacing--60);padding-bottom:var(--wp--preset--spacing--60);padding-left:var(--wp--preset--spacing--60)\">\n<h1 class=\"wp-block-heading has-text-align-center has-link-color-color has-text-color\" style=\"margin-top:var(--wp--preset--spacing--60);margin-right:var(--wp--preset--spacing--60);margin-bottom:var(--wp--preset--spacing--60);margin-left:var(--wp--preset--spacing--60);padding-top:var(--wp--preset--spacing--60);padding-right:var(--wp--preset--spacing--60);padding-bottom:var(--wp--preset--spacing--60);padding-left:var(--wp--preset--spacing--60)\">Kontakt &amp; Anfahrt<\/h1>\n\n\n\n<div class=\"wp-block-columns is-layout-flex wp-container-core-columns-is-layout-28f84493 wp-block-columns-is-layout-flex\">\n<div class=\"wp-block-column is-vertically-aligned-top is-layout-flow wp-block-column-is-layout-flow\">\n<h2 class=\"wp-block-heading\">Nehmen Sie Kontakt mit unserem Team auf<\/h2>\n\n\n\n<p>F\u00fcr weitere Informationen oder Buchungsanfragen wenden Sie sich bitte an unser Team <a href=\"\/\">des Campingplatzes Paradis La Pointe de Roscoff<\/a> !<\/p>\n\n\n\n<p>Wir stehen Ihnen gerne zur Verf\u00fcgung, um Ihnen Informationen zur Verf\u00fcgung zu stellen und Ihnen den Aufenthalt anzubieten, der zu Ihnen passt. Sie erreichen uns \u00fcber das Kontaktformular, telefonisch unter 02 98 69 70 86 oder per E-Mail unter campingparadispointederoscoff@alphacamping Paradis.fr.<\/p>\n<\/div>\n\n\n\n<div class=\"wp-block-column is-layout-flow wp-block-column-is-layout-flow\">\n<div class=\"wp-block-contact-form-7-contact-form-selector formulaire-contact\">\n<div class=\"wpcf7 no-js\" id=\"wpcf7-f6915-o1\" lang=\"de-DE\" dir=\"ltr\" data-wpcf7-id=\"6915\">\n<div class=\"screen-reader-response\"><p role=\"status\" aria-live=\"polite\" aria-atomic=\"true\"><\/p> <ul><\/ul><\/div>\n<form action=\"\/de\/wp-json\/wp\/v2\/pages\/6800#wpcf7-f6915-o1\" method=\"post\" class=\"wpcf7-form init\" id=\"formulaire-contact\" aria-label=\"Kontaktformular\" novalidate=\"novalidate\" data-status=\"init\">\n<div style=\"display: none;\">\n<input type=\"hidden\" name=\"_wpcf7\" value=\"6915\" \/>\n<input type=\"hidden\" name=\"_wpcf7_version\" value=\"6.0.6\" \/>\n<input type=\"hidden\" name=\"_wpcf7_locale\" value=\"de_DE\" \/>\n<input type=\"hidden\" name=\"_wpcf7_unit_tag\" value=\"wpcf7-f6915-o1\" \/>\n<input type=\"hidden\" name=\"_wpcf7_container_post\" value=\"0\" \/>\n<input type=\"hidden\" name=\"_wpcf7_posted_data_hash\" value=\"\" \/>\n<input type=\"hidden\" name=\"_wpcf7_recaptcha_response\" value=\"\" \/>\n<\/div>\n<p><label> Ihr Name<br \/>\n<span class=\"wpcf7-form-control-wrap\" data-name=\"your-name\"><input size=\"40\" maxlength=\"400\" class=\"wpcf7-form-control wpcf7-text wpcf7-validates-as-required\" autocomplete=\"name\" aria-required=\"true\" aria-invalid=\"false\" value=\"\" type=\"text\" name=\"your-name\" \/><\/span> <\/label>\n<\/p>\n<p><label> Ihre E-Mail-Adresse<br \/>\n<span class=\"wpcf7-form-control-wrap\" data-name=\"your-email\"><input size=\"40\" maxlength=\"400\" class=\"wpcf7-form-control wpcf7-email wpcf7-validates-as-required wpcf7-text wpcf7-validates-as-email\" autocomplete=\"email\" aria-required=\"true\" aria-invalid=\"false\" value=\"\" type=\"email\" name=\"your-email\" \/><\/span> <\/label>\n<\/p>\n<p><label> Objekt<br \/>\n<span class=\"wpcf7-form-control-wrap\" data-name=\"your-subject\"><input size=\"40\" maxlength=\"400\" class=\"wpcf7-form-control wpcf7-text wpcf7-validates-as-required\" aria-required=\"true\" aria-invalid=\"false\" value=\"\" type=\"text\" name=\"your-subject\" \/><\/span> <\/label>\n<\/p>\n<p><label> Ihre Nachricht<br \/>\n<span class=\"wpcf7-form-control-wrap\" data-name=\"your-message\"><textarea cols=\"40\" rows=\"10\" maxlength=\"2000\" class=\"wpcf7-form-control wpcf7-textarea wpcf7-validates-as-required\" aria-required=\"true\" aria-invalid=\"false\" name=\"your-message\"><\/textarea><\/span> <\/label>\n<\/p>\n<p><span class=\"wpcf7-form-control-wrap\" data-name=\"acceptance-553\"><span class=\"wpcf7-form-control wpcf7-acceptance\"><span class=\"wpcf7-list-item\"><label><input type=\"checkbox\" name=\"acceptance-553\" value=\"1\" aria-invalid=\"false\" \/><span class=\"wpcf7-list-item-label\">Durch Ankreuzen dieses K\u00e4stchens stimme ich der <a href=\"\/de\/datenschutz-richtlinie\/\" rel=\"nofollow\" target=\"_blank\">Datenschutzerkl\u00e4rung<\/a> dieser Website zu.<\/span><\/label><\/span><\/span><\/span>\n<\/p>\n<p><input class=\"wpcf7-form-control wpcf7-submit has-spinner\" type=\"submit\" value=\"Senden Sie\" \/>\n<\/p><div class=\"wpcf7-response-output\" aria-hidden=\"true\"><\/div>\n<\/form>\n<\/div>\n<\/div>\n<\/div>\n<\/div>\n\n\n\n<div class=\"wp-block-columns is-layout-flex wp-container-core-columns-is-layout-28f84493 wp-block-columns-is-layout-flex\">\n<div class=\"wp-block-column is-vertically-aligned-center is-layout-flow wp-block-column-is-layout-flow\">\n<iframe src=\"https:\/\/www.google.com\/maps\/embed?pb=!1m18!1m12!1m3!1d2632.550601162303!2d-4.010672984330698!3d48.71406997927362!2m3!1f0!2f0!3f0!3m2!1i1024!2i768!4f13.1!3m3!1m2!1s0x4813e31ee2122af9%3A0x856e21127e73bfb!2sCamping%20Paradis%20la%20Pointe%20de%20Roscoff!5e0!3m2!1sfr!2sfr!4v1689688741663!5m2!1sfr!2sfr\" width=\"100%\" height=\"200\" style=\"border:0; height:35rem!important ;\" allowfullscreen=\"\" loading=\"lazy\" referrerpolicy=\"no-referrer-when-downgrade\"><\/iframe>\n<\/div>\n\n\n\n<div class=\"wp-block-column is-vertically-aligned-center is-layout-flow wp-block-column-is-layout-flow\">\n<h2 class=\"wp-block-heading\">Anfahrt zum Camping Paradis<\/h2>\n\n\n\n<p>Der Campingplatz Paradis La Pointe de Roscoff ist leicht \u00fcber die Stra\u00dfe zu erreichen. Es befindet sich an der <strong>folgenden Adresse<\/strong> : All\u00e9e des Ch\u00eanes Verts, 29680 Roscoff.<\/p>\n\n\n\n<p>Sie k\u00f6nnen auch die folgenden<strong> GPS-Koordinaten<\/strong> verwenden: 48.71451035529467, -4.007836653013854.<\/p>\n<\/div>\n<\/div>\n<\/div>\n\n<div class=\"wp-block-group overflow-visible has-background is-layout-constrained wp-container-core-group-is-layout-155c3ba4 wp-block-group-is-layout-constrained\" style=\"border-top-color:var(--wp--preset--color--white);border-top-width:12rem;border-right-color:var(--wp--preset--color--white);border-bottom-color:var(--wp--preset--color--white);border-left-color:var(--wp--preset--color--white);background:linear-gradient(160deg,rgb(255,255,255) 29%,rgb(173,219,243) 29%);margin-top:0rem;margin-bottom:0;padding-top:var(--wp--preset--spacing--80);padding-bottom:8rem\">\n<figure class=\"wp-block-image size-full is-resized rellax is-style-gt-bg-image-bottom-left\"><img decoding=\"async\" width=\"273\" height=\"218\" sizes=\"(max-width: min(calc(100% - 15vw), 205px)) 100vw, min(calc(100% - 15vw), 205px)\" src=\"https:\/\/camping-lapointederoscoff.fr\/wp-content\/uploads\/sites\/23\/2023\/05\/actualites-camping-paradis.png\" alt=\"Camping Paradis Neuigkeiten\" class=\"wp-image-841\" style=\"width:205px;height:164px\"\/><\/figure>\n\n\n\n<h2 class=\"wp-block-heading has-text-align-center z-index-3 position-relative m-n-t-20 animated fadeInUp has-large-font-size\">Entdecken Sie unsere Aktivit\u00e4ten, unser Spa und unsere Vermietungen<\/h2>\n\n\n\n<div class=\"wp-block-group is-content-justification-center is-layout-constrained wp-container-core-group-is-layout-1557714b wp-block-group-is-layout-constrained\">\n<hr class=\"wp-block-separator has-text-color has-link-color-color has-alpha-channel-opacity has-link-color-background-color has-background animated fadeInUp delay-200ms\"\/>\n<\/div>\n\n\n\r\n<div \r\n     \r\n    class=\"gt-maillage-block animated fadeInUp delay-100ms slow\" \r\n    style=\"\"\r\n>\r\n\r\n    \r\n        \r\n        <article \r\n    class=\"gt-cta gt-cta--post\" \r\n    style=\"aspect-ratio:1\/1\"\r\n>\r\n    <a href=\"https:\/\/camping-lapointederoscoff.fr\/de\/unkategorisiert\/neue-website\/\" title=\"Neue Website\" class=\"gt-cta__link\">\r\n        <div class=\"gt-cta__thumb\">\r\n                                                <\/div>\r\n        <div class=\"gt-cta__content\">\r\n            <div class=\"gt-cta__title\">\r\n                Neue Website            <\/div>\r\n        <\/div>\r\n    <\/a>\r\n<\/article>\r\n            \r\n<\/div><\/div>\n","protected":false},"excerpt":{"rendered":"<p>Kontakt &amp; Anfahrt Nehmen Sie Kontakt mit unserem Team auf F\u00fcr weitere Informationen oder Buchungsanfragen wenden Sie sich bitte an unser Team des Campingplatzes Paradis La Pointe de Roscoff ! Wir stehen Ihnen gerne zur Verf\u00fcgung, um Ihnen Informationen zur Verf\u00fcgung zu stellen und Ihnen den Aufenthalt anzubieten, der zu Ihnen passt. Sie erreichen uns [&hellip;]<\/p>\n","protected":false},"author":1,"featured_media":0,"parent":0,"menu_order":26,"comment_status":"closed","ping_status":"closed","template":"","meta":{"_acf_changed":false,"footnotes":""},"class_list":["post-6800","page","type-page","status-publish","hentry"],"acf":[],"yoast_head":"<!-- This site is optimized with the Yoast SEO plugin v24.8.1 - https:\/\/yoast.com\/wordpress\/plugins\/seo\/ -->\n<title>Kontaktieren Sie den Campingplatz Paradis Roscoff | Anreise auf den Campingplatz Finist\u00e8re<\/title>\n<meta name=\"robots\" content=\"index, follow, max-snippet:-1, max-image-preview:large, max-video-preview:-1\" \/>\n<link rel=\"canonical\" href=\"https:\/\/camping-lapointederoscoff.fr\/de\/kontakt-zugang\/\" \/>\n<meta property=\"og:locale\" content=\"de_DE\" \/>\n<meta property=\"og:type\" content=\"article\" \/>\n<meta property=\"og:title\" content=\"Kontaktieren Sie den Campingplatz Paradis Roscoff | Anreise auf den Campingplatz Finist\u00e8re\" \/>\n<meta property=\"og:description\" content=\"Kontakt &amp; Anfahrt Nehmen Sie Kontakt mit unserem Team auf F\u00fcr weitere Informationen oder Buchungsanfragen wenden Sie sich bitte an unser Team des Campingplatzes Paradis La Pointe de Roscoff ! Wir stehen Ihnen gerne zur Verf\u00fcgung, um Ihnen Informationen zur Verf\u00fcgung zu stellen und Ihnen den Aufenthalt anzubieten, der zu Ihnen passt. Sie erreichen uns [&hellip;]\" \/>\n<meta property=\"og:url\" content=\"https:\/\/camping-lapointederoscoff.fr\/de\/kontakt-zugang\/\" \/>\n<meta property=\"og:site_name\" content=\"Camping Bel Air Village La Pointe de Roscoff - Site Officiel - Meilleur Prix Garanti\" \/>\n<meta property=\"article:modified_time\" content=\"2023-11-16T13:04:27+00:00\" \/>\n<meta property=\"og:image\" content=\"https:\/\/camping-lapointederoscoff.fr\/wp-content\/uploads\/sites\/23\/2023\/05\/actualites-camping-paradis.png\" \/>\n<meta name=\"twitter:card\" content=\"summary_large_image\" \/>\n<meta name=\"twitter:label1\" content=\"Gesch\u00e4tzte Lesezeit\" \/>\n\t<meta name=\"twitter:data1\" content=\"1\u00a0Minute\" \/>\n<script type=\"application\/ld+json\" class=\"yoast-schema-graph\">{\"@context\":\"https:\/\/schema.org\",\"@graph\":[{\"@type\":\"WebPage\",\"@id\":\"https:\/\/camping-lapointederoscoff.fr\/de\/kontakt-zugang\/\",\"url\":\"https:\/\/camping-lapointederoscoff.fr\/de\/kontakt-zugang\/\",\"name\":\"Kontaktieren Sie den Campingplatz Paradis Roscoff | Anreise auf den Campingplatz Finist\u00e8re\",\"isPartOf\":{\"@id\":\"https:\/\/camping-lapointederoscoff.fr\/de\/#website\"},\"primaryImageOfPage\":{\"@id\":\"https:\/\/camping-lapointederoscoff.fr\/de\/kontakt-zugang\/#primaryimage\"},\"image\":{\"@id\":\"https:\/\/camping-lapointederoscoff.fr\/de\/kontakt-zugang\/#primaryimage\"},\"thumbnailUrl\":\"https:\/\/camping-lapointederoscoff.fr\/wp-content\/uploads\/sites\/23\/2023\/05\/actualites-camping-paradis.png\",\"datePublished\":\"2023-06-20T08:45:38+00:00\",\"dateModified\":\"2023-11-16T13:04:27+00:00\",\"breadcrumb\":{\"@id\":\"https:\/\/camping-lapointederoscoff.fr\/de\/kontakt-zugang\/#breadcrumb\"},\"inLanguage\":\"de\",\"potentialAction\":[{\"@type\":\"ReadAction\",\"target\":[\"https:\/\/camping-lapointederoscoff.fr\/de\/kontakt-zugang\/\"]}]},{\"@type\":\"ImageObject\",\"inLanguage\":\"de\",\"@id\":\"https:\/\/camping-lapointederoscoff.fr\/de\/kontakt-zugang\/#primaryimage\",\"url\":\"https:\/\/camping-lapointederoscoff.fr\/wp-content\/uploads\/sites\/23\/2023\/05\/actualites-camping-paradis.png\",\"contentUrl\":\"https:\/\/camping-lapointederoscoff.fr\/wp-content\/uploads\/sites\/23\/2023\/05\/actualites-camping-paradis.png\"},{\"@type\":\"BreadcrumbList\",\"@id\":\"https:\/\/camping-lapointederoscoff.fr\/de\/kontakt-zugang\/#breadcrumb\",\"itemListElement\":[{\"@type\":\"ListItem\",\"position\":1,\"name\":\"Startseite\",\"item\":\"https:\/\/camping-lapointederoscoff.fr\/de\/\"},{\"@type\":\"ListItem\",\"position\":2,\"name\":\"Kontakt, Zugang\"}]},{\"@type\":\"WebSite\",\"@id\":\"https:\/\/camping-lapointederoscoff.fr\/de\/#website\",\"url\":\"https:\/\/camping-lapointederoscoff.fr\/de\/\",\"name\":\"Camping Bel Air Village La Pointe de Roscoff - Site Officiel - Meilleur Prix Garanti\",\"description\":\"\",\"publisher\":{\"@id\":\"https:\/\/camping-lapointederoscoff.fr\/de\/#organization\"},\"potentialAction\":[{\"@type\":\"SearchAction\",\"target\":{\"@type\":\"EntryPoint\",\"urlTemplate\":\"https:\/\/camping-lapointederoscoff.fr\/de\/?s={search_term_string}\"},\"query-input\":{\"@type\":\"PropertyValueSpecification\",\"valueRequired\":true,\"valueName\":\"search_term_string\"}}],\"inLanguage\":\"de\"},{\"@type\":\"Organization\",\"@id\":\"https:\/\/camping-lapointederoscoff.fr\/de\/#organization\",\"name\":\"Camping Bel Air Village La Pointe de Roscoff - Site Officiel - Meilleur Prix Garanti\",\"url\":\"https:\/\/camping-lapointederoscoff.fr\/de\/\",\"logo\":{\"@type\":\"ImageObject\",\"inLanguage\":\"de\",\"@id\":\"https:\/\/camping-lapointederoscoff.fr\/de\/#\/schema\/logo\/image\/\",\"url\":\"https:\/\/camping-lapointederoscoff.fr\/wp-content\/uploads\/sites\/23\/2025\/10\/logo-camping-point-de-roscoff.png\",\"contentUrl\":\"https:\/\/camping-lapointederoscoff.fr\/wp-content\/uploads\/sites\/23\/2025\/10\/logo-camping-point-de-roscoff.png\",\"width\":768,\"height\":313,\"caption\":\"Camping Bel Air Village La Pointe de Roscoff - Site Officiel - Meilleur Prix Garanti\"},\"image\":{\"@id\":\"https:\/\/camping-lapointederoscoff.fr\/de\/#\/schema\/logo\/image\/\"}}]}<\/script>\n<!-- \/ Yoast SEO plugin. -->","yoast_head_json":{"title":"Kontaktieren Sie den Campingplatz Paradis Roscoff | Anreise auf den Campingplatz Finist\u00e8re","robots":{"index":"index","follow":"follow","max-snippet":"max-snippet:-1","max-image-preview":"max-image-preview:large","max-video-preview":"max-video-preview:-1"},"canonical":"https:\/\/camping-lapointederoscoff.fr\/de\/kontakt-zugang\/","og_locale":"de_DE","og_type":"article","og_title":"Kontaktieren Sie den Campingplatz Paradis Roscoff | Anreise auf den Campingplatz Finist\u00e8re","og_description":"Kontakt &amp; Anfahrt Nehmen Sie Kontakt mit unserem Team auf F\u00fcr weitere Informationen oder Buchungsanfragen wenden Sie sich bitte an unser Team des Campingplatzes Paradis La Pointe de Roscoff ! Wir stehen Ihnen gerne zur Verf\u00fcgung, um Ihnen Informationen zur Verf\u00fcgung zu stellen und Ihnen den Aufenthalt anzubieten, der zu Ihnen passt. Sie erreichen uns [&hellip;]","og_url":"https:\/\/camping-lapointederoscoff.fr\/de\/kontakt-zugang\/","og_site_name":"Camping Bel Air Village La Pointe de Roscoff - Site Officiel - Meilleur Prix Garanti","article_modified_time":"2023-11-16T13:04:27+00:00","og_image":[{"url":"https:\/\/camping-lapointederoscoff.fr\/wp-content\/uploads\/sites\/23\/2023\/05\/actualites-camping-paradis.png","type":"","width":"","height":""}],"twitter_card":"summary_large_image","twitter_misc":{"Gesch\u00e4tzte Lesezeit":"1\u00a0Minute"},"schema":{"@context":"https:\/\/schema.org","@graph":[{"@type":"WebPage","@id":"https:\/\/camping-lapointederoscoff.fr\/de\/kontakt-zugang\/","url":"https:\/\/camping-lapointederoscoff.fr\/de\/kontakt-zugang\/","name":"Kontaktieren Sie den Campingplatz Paradis Roscoff | Anreise auf den Campingplatz Finist\u00e8re","isPartOf":{"@id":"https:\/\/camping-lapointederoscoff.fr\/de\/#website"},"primaryImageOfPage":{"@id":"https:\/\/camping-lapointederoscoff.fr\/de\/kontakt-zugang\/#primaryimage"},"image":{"@id":"https:\/\/camping-lapointederoscoff.fr\/de\/kontakt-zugang\/#primaryimage"},"thumbnailUrl":"https:\/\/camping-lapointederoscoff.fr\/wp-content\/uploads\/sites\/23\/2023\/05\/actualites-camping-paradis.png","datePublished":"2023-06-20T08:45:38+00:00","dateModified":"2023-11-16T13:04:27+00:00","breadcrumb":{"@id":"https:\/\/camping-lapointederoscoff.fr\/de\/kontakt-zugang\/#breadcrumb"},"inLanguage":"de","potentialAction":[{"@type":"ReadAction","target":["https:\/\/camping-lapointederoscoff.fr\/de\/kontakt-zugang\/"]}]},{"@type":"ImageObject","inLanguage":"de","@id":"https:\/\/camping-lapointederoscoff.fr\/de\/kontakt-zugang\/#primaryimage","url":"https:\/\/camping-lapointederoscoff.fr\/wp-content\/uploads\/sites\/23\/2023\/05\/actualites-camping-paradis.png","contentUrl":"https:\/\/camping-lapointederoscoff.fr\/wp-content\/uploads\/sites\/23\/2023\/05\/actualites-camping-paradis.png"},{"@type":"BreadcrumbList","@id":"https:\/\/camping-lapointederoscoff.fr\/de\/kontakt-zugang\/#breadcrumb","itemListElement":[{"@type":"ListItem","position":1,"name":"Startseite","item":"https:\/\/camping-lapointederoscoff.fr\/de\/"},{"@type":"ListItem","position":2,"name":"Kontakt, Zugang"}]},{"@type":"WebSite","@id":"https:\/\/camping-lapointederoscoff.fr\/de\/#website","url":"https:\/\/camping-lapointederoscoff.fr\/de\/","name":"Camping Bel Air Village La Pointe de Roscoff - Site Officiel - Meilleur Prix Garanti","description":"","publisher":{"@id":"https:\/\/camping-lapointederoscoff.fr\/de\/#organization"},"potentialAction":[{"@type":"SearchAction","target":{"@type":"EntryPoint","urlTemplate":"https:\/\/camping-lapointederoscoff.fr\/de\/?s={search_term_string}"},"query-input":{"@type":"PropertyValueSpecification","valueRequired":true,"valueName":"search_term_string"}}],"inLanguage":"de"},{"@type":"Organization","@id":"https:\/\/camping-lapointederoscoff.fr\/de\/#organization","name":"Camping Bel Air Village La Pointe de Roscoff - Site Officiel - Meilleur Prix Garanti","url":"https:\/\/camping-lapointederoscoff.fr\/de\/","logo":{"@type":"ImageObject","inLanguage":"de","@id":"https:\/\/camping-lapointederoscoff.fr\/de\/#\/schema\/logo\/image\/","url":"https:\/\/camping-lapointederoscoff.fr\/wp-content\/uploads\/sites\/23\/2025\/10\/logo-camping-point-de-roscoff.png","contentUrl":"https:\/\/camping-lapointederoscoff.fr\/wp-content\/uploads\/sites\/23\/2025\/10\/logo-camping-point-de-roscoff.png","width":768,"height":313,"caption":"Camping Bel Air Village La Pointe de Roscoff - Site Officiel - Meilleur Prix Garanti"},"image":{"@id":"https:\/\/camping-lapointederoscoff.fr\/de\/#\/schema\/logo\/image\/"}}]}},"_links":{"self":[{"href":"https:\/\/camping-lapointederoscoff.fr\/de\/wp-json\/wp\/v2\/pages\/6800","targetHints":{"allow":["GET"]}}],"collection":[{"href":"https:\/\/camping-lapointederoscoff.fr\/de\/wp-json\/wp\/v2\/pages"}],"about":[{"href":"https:\/\/camping-lapointederoscoff.fr\/de\/wp-json\/wp\/v2\/types\/page"}],"author":[{"embeddable":true,"href":"https:\/\/camping-lapointederoscoff.fr\/de\/wp-json\/wp\/v2\/users\/1"}],"replies":[{"embeddable":true,"href":"https:\/\/camping-lapointederoscoff.fr\/de\/wp-json\/wp\/v2\/comments?post=6800"}],"version-history":[{"count":3,"href":"https:\/\/camping-lapointederoscoff.fr\/de\/wp-json\/wp\/v2\/pages\/6800\/revisions"}],"predecessor-version":[{"id":7531,"href":"https:\/\/camping-lapointederoscoff.fr\/de\/wp-json\/wp\/v2\/pages\/6800\/revisions\/7531"}],"wp:attachment":[{"href":"https:\/\/camping-lapointederoscoff.fr\/de\/wp-json\/wp\/v2\/media?parent=6800"}],"curies":[{"name":"wp","href":"https:\/\/api.w.org\/{rel}","templated":true}]}}